{"id":1519,"date":"2024-02-27T11:43:42","date_gmt":"2024-02-27T04:43:42","guid":{"rendered":"https:\/\/fleurdelys.vn\/hotel-quy-nhon\/?page_id=1519"},"modified":"2024-03-02T12:01:03","modified_gmt":"2024-03-02T05:01:03","slug":"tiec-doanh-nghiep","status":"publish","type":"page","link":"https:\/\/fleurdelys.vn\/hotel-quy-nhon\/tiec-doanh-nghiep\/","title":{"rendered":"Ti\u1ec7c doanh nghi\u1ec7p"},"content":{"rendered":"<p>Fleur de Lys v\u1edbi kinh nghi\u1ec7m t\u1ed5 ch\u1ee9c nhi\u1ec1u s\u1ef1 ki\u1ec7n l\u1edbn mang t\u1ea7m qu\u1ed1c t\u1ebf t\u1ea1i Quy Nh\u01a1n, cam k\u1ebft mang \u0111\u1ebfn cho doanh nghi\u1ec7p v\u00e0 \u0111\u1ed1i t\u00e1c tr\u1ea3i nghi\u1ec7m y\u1ebfn ti\u1ec7c kh\u00e1c bi\u1ec7t, nh\u1eb1m truy\u1ec1n t\u1ea3i m\u1ed9t c\u00e1ch to\u00e0n di\u1ec7n nh\u1eefng th\u00f4ng \u0111i\u1ec7p, l\u1eddi c\u1ea3m \u01a1n ch\u00e2n th\u00e0nh \u0111\u1ebfn kh\u00e1ch h\u00e0ng, \u0111\u1ed1i t\u00e1c c\u0169ng nh\u01b0 \u0111\u1ed9i ng\u0169 nh\u00e2n vi\u00ean &#8211; nh\u1eefng nh\u00e2n t\u1ed1 quang tr\u1ecdng trong s\u1ef1 th\u00e0nh c\u00f4ng c\u1ee7a doanh nghi\u1ec7p.<\/p>\n","protected":false},"excerpt":{"rendered":"<p>Fleur de Lys v\u1edbi kinh nghi\u1ec7m t\u1ed5 ch\u1ee9c nhi\u1ec1u s\u1ef1 ki\u1ec7n l\u1edbn mang t\u1ea7m qu\u1ed1c t\u1ebf t\u1ea1i Quy Nh\u01a1n, cam k\u1ebft mang \u0111\u1ebfn cho doanh nghi\u1ec7p v\u00e0 \u0111\u1ed1i t\u00e1c tr\u1ea3i nghi\u1ec7m y\u1ebfn ti\u1ec7c kh\u00e1c bi\u1ec7t, nh\u1eb1m truy\u1ec1n t\u1ea3i m\u1ed9t c\u00e1ch to\u00e0n di\u1ec7n nh\u1eefng th\u00f4ng \u0111i\u1ec7p, l\u1eddi c\u1ea3m \u01a1n ch\u00e2n th\u00e0nh \u0111\u1ebfn kh\u00e1ch h\u00e0ng, \u0111\u1ed1i t\u00e1c [&hellip;]<\/p>\n","protected":false},"author":1,"featured_media":1886,"parent":0,"menu_order":10,"comment_status":"closed","ping_status":"closed","template":"page-events2.php","meta":{"footnotes":""},"class_list":["post-1519","page","type-page","status-publish","has-post-thumbnail","hentry"],"acf":[],"lang":"vi","translations":{"vi":1519,"en":1645},"pll_sync_post":[],"_links":{"self":[{"href":"https:\/\/fleurdelys.vn\/hotel-quy-nhon\/wp-json\/wp\/v2\/pages\/1519","targetHints":{"allow":["GET"]}}],"collection":[{"href":"https:\/\/fleurdelys.vn\/hotel-quy-nhon\/wp-json\/wp\/v2\/pages"}],"about":[{"href":"https:\/\/fleurdelys.vn\/hotel-quy-nhon\/wp-json\/wp\/v2\/types\/page"}],"author":[{"embeddable":true,"href":"https:\/\/fleurdelys.vn\/hotel-quy-nhon\/wp-json\/wp\/v2\/users\/1"}],"replies":[{"embeddable":true,"href":"https:\/\/fleurdelys.vn\/hotel-quy-nhon\/wp-json\/wp\/v2\/comments?post=1519"}],"version-history":[{"count":13,"href":"https:\/\/fleurdelys.vn\/hotel-quy-nhon\/wp-json\/wp\/v2\/pages\/1519\/revisions"}],"predecessor-version":[{"id":1898,"href":"https:\/\/fleurdelys.vn\/hotel-quy-nhon\/wp-json\/wp\/v2\/pages\/1519\/revisions\/1898"}],"wp:featuredmedia":[{"embeddable":true,"href":"https:\/\/fleurdelys.vn\/hotel-quy-nhon\/wp-json\/wp\/v2\/media\/1886"}],"wp:attachment":[{"href":"https:\/\/fleurdelys.vn\/hotel-quy-nhon\/wp-json\/wp\/v2\/media?parent=1519"}],"curies":[{"name":"wp","href":"https:\/\/api.w.org\/{rel}","templated":true}]}}