{"id":257,"date":"2024-01-19T21:11:04","date_gmt":"2024-01-19T14:11:04","guid":{"rendered":"https:\/\/fleurdelys.vn\/resort-spa-long-hai\/?page_id=257"},"modified":"2024-10-31T09:49:26","modified_gmt":"2024-10-31T02:49:26","slug":"tiec-cuoi","status":"publish","type":"page","link":"https:\/\/fleurdelys.vn\/resort-spa-long-hai\/tiec-cuoi\/","title":{"rendered":"Ti\u1ec7c c\u01b0\u1edbi"},"content":{"rendered":"<p>L\u1ec5 c\u01b0\u1edbi l\u00e0 m\u1ed9t s\u1ef1 ki\u1ec7n \u0111\u1eb7c bi\u1ec7t m\u00e0 b\u1ea1n kh\u00f4ng th\u1ec3 n\u00e0o qu\u00ean trong su\u1ed1t cu\u1ed9c \u0111\u1eddi m\u00ecnh. \u0110\u00f3 l\u00e0 m\u1ed9t ng\u00e0y tr\u00e0n ng\u1eadp nh\u1eefng x\u00fac c\u1ea3m l\u00e3ng m\u1ea1n v\u00e0 n\u1ee5 c\u01b0\u1eddi h\u1ea1nh ph\u00fac, ng\u00e0y m\u00e0 b\u1ea1n c\u00f9ng m\u1ed9t n\u1eeda y\u00eau th\u01b0\u01a1ng b\u01b0\u1edbc v\u00e0o m\u1ed9t ch\u1eb7ng \u0111\u01b0\u1eddng m\u1edbi.<br \/>\nHi\u1ec3u r\u00f5 s\u1ef1 quan tr\u1ecdng \u1ea5y, t\u1ea1i Fleur de Lys, m\u1ed7i c\u00e2u chuy\u1ec7n k\u1ec3 v\u1ec1 ng\u00e0y c\u01b0\u1edbi \u0111\u1ec1u ch\u1ee9a \u0111\u1ef1ng nh\u1eefng k\u1ef7 ni\u1ec7m \u0111\u00e1ng tr\u00e2n qu\u00fd. \u0110\u1ed9i ng\u0169 nh\u00e2n vi\u00ean s\u1ebd lu\u00f4n n\u1ed7 l\u1ef1c mang \u0111\u1ebfn nh\u1eefng gi\u00e2y ph\u00fat tr\u1ecdn v\u1eb9n v\u00e0 ho\u00e0n h\u1ea3o nh\u1ea5t trong ng\u00e0y quan tr\u1ecdng c\u1ee7a b\u1ea1n.<br \/>\nH\u00e3y c\u00f9ng ch\u00fang t\u00f4i t\u00ecm hi\u1ec3u v\u00e0 kh\u00e1m ph\u00e1 v\u1ec1 d\u1ecbch v\u1ee5 ti\u1ec7c c\u01b0\u1edbi l\u00e3ng m\u1ea1n b\u00ean b\u1edd bi\u1ec3n t\u1ea1i Fleur de Lys Resort &#038; Spa Long Hai!<\/p>\n","protected":false},"excerpt":{"rendered":"<p>L\u1ec5 c\u01b0\u1edbi l\u00e0 m\u1ed9t s\u1ef1 ki\u1ec7n \u0111\u1eb7c bi\u1ec7t m\u00e0 b\u1ea1n kh\u00f4ng th\u1ec3 n\u00e0o qu\u00ean trong su\u1ed1t cu\u1ed9c \u0111\u1eddi m\u00ecnh. \u0110\u00f3 l\u00e0 m\u1ed9t ng\u00e0y tr\u00e0n ng\u1eadp nh\u1eefng x\u00fac c\u1ea3m l\u00e3ng m\u1ea1n v\u00e0 n\u1ee5 c\u01b0\u1eddi h\u1ea1nh ph\u00fac, ng\u00e0y m\u00e0 b\u1ea1n c\u00f9ng m\u1ed9t n\u1eeda y\u00eau th\u01b0\u01a1ng b\u01b0\u1edbc v\u00e0o m\u1ed9t ch\u1eb7ng \u0111\u01b0\u1eddng m\u1edbi. Hi\u1ec3u r\u00f5 s\u1ef1 quan tr\u1ecdng \u1ea5y, [&hellip;]<\/p>\n","protected":false},"author":1,"featured_media":880,"parent":0,"menu_order":20,"comment_status":"closed","ping_status":"closed","template":"page-wedding.php","meta":{"footnotes":""},"class_list":["post-257","page","type-page","status-publish","has-post-thumbnail","hentry"],"acf":[],"lang":"vi","translations":{"vi":257},"pll_sync_post":[],"_links":{"self":[{"href":"https:\/\/fleurdelys.vn\/resort-spa-long-hai\/wp-json\/wp\/v2\/pages\/257","targetHints":{"allow":["GET"]}}],"collection":[{"href":"https:\/\/fleurdelys.vn\/resort-spa-long-hai\/wp-json\/wp\/v2\/pages"}],"about":[{"href":"https:\/\/fleurdelys.vn\/resort-spa-long-hai\/wp-json\/wp\/v2\/types\/page"}],"author":[{"embeddable":true,"href":"https:\/\/fleurdelys.vn\/resort-spa-long-hai\/wp-json\/wp\/v2\/users\/1"}],"replies":[{"embeddable":true,"href":"https:\/\/fleurdelys.vn\/resort-spa-long-hai\/wp-json\/wp\/v2\/comments?post=257"}],"version-history":[{"count":23,"href":"https:\/\/fleurdelys.vn\/resort-spa-long-hai\/wp-json\/wp\/v2\/pages\/257\/revisions"}],"predecessor-version":[{"id":1664,"href":"https:\/\/fleurdelys.vn\/resort-spa-long-hai\/wp-json\/wp\/v2\/pages\/257\/revisions\/1664"}],"wp:featuredmedia":[{"embeddable":true,"href":"https:\/\/fleurdelys.vn\/resort-spa-long-hai\/wp-json\/wp\/v2\/media\/880"}],"wp:attachment":[{"href":"https:\/\/fleurdelys.vn\/resort-spa-long-hai\/wp-json\/wp\/v2\/media?parent=257"}],"curies":[{"name":"wp","href":"https:\/\/api.w.org\/{rel}","templated":true}]}}